{"id":2260,"date":"2025-08-19T18:55:58","date_gmt":"2025-08-19T21:55:58","guid":{"rendered":"https:\/\/losincasfloreria.com\/index.php\/producto\/ramo-xl-premium\/"},"modified":"2025-08-19T18:56:26","modified_gmt":"2025-08-19T21:56:26","slug":"ramo-xl-premium","status":"publish","type":"product","link":"https:\/\/losincasfloreria.com\/index.php\/producto\/ramo-xl-premium\/","title":{"rendered":"Ramo XL premium"},"content":{"rendered":"","protected":false},"excerpt":{"rendered":"","protected":false},"featured_media":2259,"comment_status":"open","ping_status":"closed","template":"","meta":[],"product_brand":[],"product_cat":[80,20,15],"product_tag":[],"class_list":{"0":"post-2260","1":"product","2":"type-product","3":"status-publish","4":"has-post-thumbnail","6":"product_cat-ramo-premium","7":"product_cat-ramos-de-flores","8":"product_cat-sin-categorizar","10":"first","11":"instock","12":"taxable","13":"shipping-taxable","14":"purchasable","15":"product-type-simple"},"yoast_head":"<!-- This site is optimized with the Yoast SEO plugin v27.5 - https:\/\/yoast.com\/product\/yoast-seo-wordpress\/ -->\n<title>Ramo XL premium - Los Incas florer\u00eda<\/title>\n<meta name=\"robots\" content=\"index, follow, max-snippet:-1, max-image-preview:large, max-video-preview:-1\" \/>\n<link rel=\"canonical\" href=\"https:\/\/losincasfloreria.com\/index.php\/producto\/ramo-xl-premium\/\" \/>\n<meta property=\"og:locale\" content=\"es_ES\" \/>\n<meta property=\"og:type\" content=\"article\" \/>\n<meta property=\"og:title\" content=\"Ramo XL premium - Los Incas florer\u00eda\" \/>\n<meta property=\"og:url\" content=\"https:\/\/losincasfloreria.com\/index.php\/producto\/ramo-xl-premium\/\" \/>\n<meta property=\"og:site_name\" content=\"Los Incas florer\u00eda\" \/>\n<meta property=\"article:publisher\" content=\"https:\/\/www.instagram.com\/losincasfloreria\/\" \/>\n<meta property=\"article:modified_time\" content=\"2025-08-19T21:56:26+00:00\" \/>\n<meta name=\"twitter:card\" content=\"summary_large_image\" \/>\n<script type=\"application\/ld+json\" class=\"yoast-schema-graph\">{\"@context\":\"https:\\\/\\\/schema.org\",\"@graph\":[{\"@type\":\"WebPage\",\"@id\":\"https:\\\/\\\/losincasfloreria.com\\\/index.php\\\/producto\\\/ramo-xl-premium\\\/\",\"url\":\"https:\\\/\\\/losincasfloreria.com\\\/index.php\\\/producto\\\/ramo-xl-premium\\\/\",\"name\":\"Ramo XL premium - Los Incas florer\u00eda\",\"isPartOf\":{\"@id\":\"https:\\\/\\\/losincasfloreria.com\\\/#website\"},\"primaryImageOfPage\":{\"@id\":\"https:\\\/\\\/losincasfloreria.com\\\/index.php\\\/producto\\\/ramo-xl-premium\\\/#primaryimage\"},\"image\":{\"@id\":\"https:\\\/\\\/losincasfloreria.com\\\/index.php\\\/producto\\\/ramo-xl-premium\\\/#primaryimage\"},\"thumbnailUrl\":\"https:\\\/\\\/i0.wp.com\\\/losincasfloreria.com\\\/wp-content\\\/uploads\\\/2025\\\/08\\\/img_6916-scaled.jpeg?fit=1920%2C2560&ssl=1\",\"datePublished\":\"2025-08-19T21:55:58+00:00\",\"dateModified\":\"2025-08-19T21:56:26+00:00\",\"breadcrumb\":{\"@id\":\"https:\\\/\\\/losincasfloreria.com\\\/index.php\\\/producto\\\/ramo-xl-premium\\\/#breadcrumb\"},\"inLanguage\":\"es\",\"potentialAction\":[{\"@type\":\"ReadAction\",\"target\":[\"https:\\\/\\\/losincasfloreria.com\\\/index.php\\\/producto\\\/ramo-xl-premium\\\/\"]}]},{\"@type\":\"ImageObject\",\"inLanguage\":\"es\",\"@id\":\"https:\\\/\\\/losincasfloreria.com\\\/index.php\\\/producto\\\/ramo-xl-premium\\\/#primaryimage\",\"url\":\"https:\\\/\\\/i0.wp.com\\\/losincasfloreria.com\\\/wp-content\\\/uploads\\\/2025\\\/08\\\/img_6916-scaled.jpeg?fit=1920%2C2560&ssl=1\",\"contentUrl\":\"https:\\\/\\\/i0.wp.com\\\/losincasfloreria.com\\\/wp-content\\\/uploads\\\/2025\\\/08\\\/img_6916-scaled.jpeg?fit=1920%2C2560&ssl=1\",\"width\":1920,\"height\":2560},{\"@type\":\"BreadcrumbList\",\"@id\":\"https:\\\/\\\/losincasfloreria.com\\\/index.php\\\/producto\\\/ramo-xl-premium\\\/#breadcrumb\",\"itemListElement\":[{\"@type\":\"ListItem\",\"position\":1,\"name\":\"Portada\",\"item\":\"https:\\\/\\\/losincasfloreria.com\\\/\"},{\"@type\":\"ListItem\",\"position\":2,\"name\":\"Productos\",\"item\":\"https:\\\/\\\/losincasfloreria.com\\\/index.php\\\/productos\\\/\"},{\"@type\":\"ListItem\",\"position\":3,\"name\":\"Ramo XL premium\"}]},{\"@type\":\"WebSite\",\"@id\":\"https:\\\/\\\/losincasfloreria.com\\\/#website\",\"url\":\"https:\\\/\\\/losincasfloreria.com\\\/\",\"name\":\"Los Incas florer\u00eda\",\"description\":\"Florer\u00eda Familiar con m\u00e1s de 10 a\u00f1os en la comunidad atendido por sus due\u00f1os\",\"publisher\":{\"@id\":\"https:\\\/\\\/losincasfloreria.com\\\/#organization\"},\"potentialAction\":[{\"@type\":\"SearchAction\",\"target\":{\"@type\":\"EntryPoint\",\"urlTemplate\":\"https:\\\/\\\/losincasfloreria.com\\\/?s={search_term_string}\"},\"query-input\":{\"@type\":\"PropertyValueSpecification\",\"valueRequired\":true,\"valueName\":\"search_term_string\"}}],\"inLanguage\":\"es\"},{\"@type\":\"Organization\",\"@id\":\"https:\\\/\\\/losincasfloreria.com\\\/#organization\",\"name\":\"Los Incas florer\u00eda\",\"url\":\"https:\\\/\\\/losincasfloreria.com\\\/\",\"logo\":{\"@type\":\"ImageObject\",\"inLanguage\":\"es\",\"@id\":\"https:\\\/\\\/losincasfloreria.com\\\/#\\\/schema\\\/logo\\\/image\\\/\",\"url\":\"https:\\\/\\\/i0.wp.com\\\/losincasfloreria.com\\\/wp-content\\\/uploads\\\/2024\\\/01\\\/Artboard-10%401.5x.png?fit=1882%2C750&ssl=1\",\"contentUrl\":\"https:\\\/\\\/i0.wp.com\\\/losincasfloreria.com\\\/wp-content\\\/uploads\\\/2024\\\/01\\\/Artboard-10%401.5x.png?fit=1882%2C750&ssl=1\",\"width\":1882,\"height\":750,\"caption\":\"Los Incas florer\u00eda\"},\"image\":{\"@id\":\"https:\\\/\\\/losincasfloreria.com\\\/#\\\/schema\\\/logo\\\/image\\\/\"},\"sameAs\":[\"https:\\\/\\\/www.instagram.com\\\/losincasfloreria\\\/\"]}]}<\/script>\n<!-- \/ Yoast SEO plugin. -->","yoast_head_json":{"title":"Ramo XL premium - Los Incas florer\u00eda","robots":{"index":"index","follow":"follow","max-snippet":"max-snippet:-1","max-image-preview":"max-image-preview:large","max-video-preview":"max-video-preview:-1"},"canonical":"https:\/\/losincasfloreria.com\/index.php\/producto\/ramo-xl-premium\/","og_locale":"es_ES","og_type":"article","og_title":"Ramo XL premium - Los Incas florer\u00eda","og_url":"https:\/\/losincasfloreria.com\/index.php\/producto\/ramo-xl-premium\/","og_site_name":"Los Incas florer\u00eda","article_publisher":"https:\/\/www.instagram.com\/losincasfloreria\/","article_modified_time":"2025-08-19T21:56:26+00:00","twitter_card":"summary_large_image","schema":{"@context":"https:\/\/schema.org","@graph":[{"@type":"WebPage","@id":"https:\/\/losincasfloreria.com\/index.php\/producto\/ramo-xl-premium\/","url":"https:\/\/losincasfloreria.com\/index.php\/producto\/ramo-xl-premium\/","name":"Ramo XL premium - Los Incas florer\u00eda","isPartOf":{"@id":"https:\/\/losincasfloreria.com\/#website"},"primaryImageOfPage":{"@id":"https:\/\/losincasfloreria.com\/index.php\/producto\/ramo-xl-premium\/#primaryimage"},"image":{"@id":"https:\/\/losincasfloreria.com\/index.php\/producto\/ramo-xl-premium\/#primaryimage"},"thumbnailUrl":"https:\/\/i0.wp.com\/losincasfloreria.com\/wp-content\/uploads\/2025\/08\/img_6916-scaled.jpeg?fit=1920%2C2560&ssl=1","datePublished":"2025-08-19T21:55:58+00:00","dateModified":"2025-08-19T21:56:26+00:00","breadcrumb":{"@id":"https:\/\/losincasfloreria.com\/index.php\/producto\/ramo-xl-premium\/#breadcrumb"},"inLanguage":"es","potentialAction":[{"@type":"ReadAction","target":["https:\/\/losincasfloreria.com\/index.php\/producto\/ramo-xl-premium\/"]}]},{"@type":"ImageObject","inLanguage":"es","@id":"https:\/\/losincasfloreria.com\/index.php\/producto\/ramo-xl-premium\/#primaryimage","url":"https:\/\/i0.wp.com\/losincasfloreria.com\/wp-content\/uploads\/2025\/08\/img_6916-scaled.jpeg?fit=1920%2C2560&ssl=1","contentUrl":"https:\/\/i0.wp.com\/losincasfloreria.com\/wp-content\/uploads\/2025\/08\/img_6916-scaled.jpeg?fit=1920%2C2560&ssl=1","width":1920,"height":2560},{"@type":"BreadcrumbList","@id":"https:\/\/losincasfloreria.com\/index.php\/producto\/ramo-xl-premium\/#breadcrumb","itemListElement":[{"@type":"ListItem","position":1,"name":"Portada","item":"https:\/\/losincasfloreria.com\/"},{"@type":"ListItem","position":2,"name":"Productos","item":"https:\/\/losincasfloreria.com\/index.php\/productos\/"},{"@type":"ListItem","position":3,"name":"Ramo XL premium"}]},{"@type":"WebSite","@id":"https:\/\/losincasfloreria.com\/#website","url":"https:\/\/losincasfloreria.com\/","name":"Los Incas florer\u00eda","description":"Florer\u00eda Familiar con m\u00e1s de 10 a\u00f1os en la comunidad atendido por sus due\u00f1os","publisher":{"@id":"https:\/\/losincasfloreria.com\/#organization"},"potentialAction":[{"@type":"SearchAction","target":{"@type":"EntryPoint","urlTemplate":"https:\/\/losincasfloreria.com\/?s={search_term_string}"},"query-input":{"@type":"PropertyValueSpecification","valueRequired":true,"valueName":"search_term_string"}}],"inLanguage":"es"},{"@type":"Organization","@id":"https:\/\/losincasfloreria.com\/#organization","name":"Los Incas florer\u00eda","url":"https:\/\/losincasfloreria.com\/","logo":{"@type":"ImageObject","inLanguage":"es","@id":"https:\/\/losincasfloreria.com\/#\/schema\/logo\/image\/","url":"https:\/\/i0.wp.com\/losincasfloreria.com\/wp-content\/uploads\/2024\/01\/Artboard-10%401.5x.png?fit=1882%2C750&ssl=1","contentUrl":"https:\/\/i0.wp.com\/losincasfloreria.com\/wp-content\/uploads\/2024\/01\/Artboard-10%401.5x.png?fit=1882%2C750&ssl=1","width":1882,"height":750,"caption":"Los Incas florer\u00eda"},"image":{"@id":"https:\/\/losincasfloreria.com\/#\/schema\/logo\/image\/"},"sameAs":["https:\/\/www.instagram.com\/losincasfloreria\/"]}]}},"jetpack_sharing_enabled":true,"_links":{"self":[{"href":"https:\/\/losincasfloreria.com\/index.php\/wp-json\/wp\/v2\/product\/2260","targetHints":{"allow":["GET"]}}],"collection":[{"href":"https:\/\/losincasfloreria.com\/index.php\/wp-json\/wp\/v2\/product"}],"about":[{"href":"https:\/\/losincasfloreria.com\/index.php\/wp-json\/wp\/v2\/types\/product"}],"replies":[{"embeddable":true,"href":"https:\/\/losincasfloreria.com\/index.php\/wp-json\/wp\/v2\/comments?post=2260"}],"wp:featuredmedia":[{"embeddable":true,"href":"https:\/\/losincasfloreria.com\/index.php\/wp-json\/wp\/v2\/media\/2259"}],"wp:attachment":[{"href":"https:\/\/losincasfloreria.com\/index.php\/wp-json\/wp\/v2\/media?parent=2260"}],"wp:term":[{"taxonomy":"product_brand","embeddable":true,"href":"https:\/\/losincasfloreria.com\/index.php\/wp-json\/wp\/v2\/product_brand?post=2260"},{"taxonomy":"product_cat","embeddable":true,"href":"https:\/\/losincasfloreria.com\/index.php\/wp-json\/wp\/v2\/product_cat?post=2260"},{"taxonomy":"product_tag","embeddable":true,"href":"https:\/\/losincasfloreria.com\/index.php\/wp-json\/wp\/v2\/product_tag?post=2260"}],"curies":[{"name":"wp","href":"https:\/\/api.w.org\/{rel}","templated":true}]}}