{"id":1700,"date":"2024-02-24T22:25:54","date_gmt":"2024-02-24T21:25:54","guid":{"rendered":"https:\/\/losincasfloreria.com\/?post_type=product&#038;p=1700"},"modified":"2024-11-09T06:42:47","modified_gmt":"2024-11-09T05:42:47","slug":"box-de-flores-4","status":"publish","type":"product","link":"https:\/\/losincasfloreria.com\/index.php\/producto\/box-de-flores-4\/","title":{"rendered":"Box Mix Floral &#8211; Personalizados"},"content":{"rendered":"<p>Box de mix floral ideales para regalar en toda ocasi\u00f3n.<\/p>\n<p>Podemos crearlo a medida y con diversidad de flores de temporada.<\/p>\n","protected":false},"excerpt":{"rendered":"<p>Box de mix floral ideales para regalar en toda ocasi\u00f3n.<\/p>\n<p>Podemos crearlo a medida y con diversidad de flores de temporada.<\/p>\n","protected":false},"featured_media":1701,"comment_status":"open","ping_status":"closed","template":"","meta":[],"product_brand":[],"product_cat":[36,23],"product_tag":[76,57,74,79,78,75,77],"class_list":{"0":"post-1700","1":"product","2":"type-product","3":"status-publish","4":"has-post-thumbnail","6":"product_cat-box-flores-mixtas","7":"product_cat-cajas-florales","8":"product_tag-aniversario","9":"product_tag-box-de-flores","10":"product_tag-box-de-regalo","11":"product_tag-cumpleanos","12":"product_tag-dia-del-amigo","13":"product_tag-flores-de-regalo","14":"product_tag-san-valentin","16":"first","17":"instock","18":"taxable","19":"shipping-taxable","20":"product-type-external"},"yoast_head":"<!-- This site is optimized with the Yoast SEO plugin v27.1.1 - https:\/\/yoast.com\/product\/yoast-seo-wordpress\/ -->\n<title>Ramo de novias - Buenos Aires Los Incas Florer\u00eda<\/title>\n<meta name=\"description\" content=\"Tenemos gran experiencia en crear el ramo de novia con las mejores flores premium del mercado. Escr\u00edbenos y te ayudaremos a crear el ramo que sue\u00f1as!\" \/>\n<meta name=\"robots\" content=\"index, follow, max-snippet:-1, max-image-preview:large, max-video-preview:-1\" \/>\n<link rel=\"canonical\" href=\"https:\/\/losincasfloreria.com\/index.php\/producto\/box-de-flores-4\/\" \/>\n<meta property=\"og:locale\" content=\"es_ES\" \/>\n<meta property=\"og:type\" content=\"article\" \/>\n<meta property=\"og:title\" content=\"Ramo de novias - Buenos Aires Los Incas Florer\u00eda\" \/>\n<meta property=\"og:description\" content=\"Tenemos gran experiencia en crear el ramo de novia con las mejores flores premium del mercado. Escr\u00edbenos y te ayudaremos a crear el ramo que sue\u00f1as!\" \/>\n<meta property=\"og:url\" content=\"https:\/\/losincasfloreria.com\/index.php\/producto\/box-de-flores-4\/\" \/>\n<meta property=\"og:site_name\" content=\"Los Incas florer\u00eda\" \/>\n<meta property=\"article:publisher\" content=\"https:\/\/www.instagram.com\/losincasfloreria\/\" \/>\n<meta property=\"article:modified_time\" content=\"2024-11-09T05:42:47+00:00\" \/>\n<meta property=\"og:image\" content=\"https:\/\/losincasfloreria.com\/wp-content\/uploads\/2024\/02\/Diseno-sin-titulo-8.png\" \/>\n\t<meta property=\"og:image:width\" content=\"1080\" \/>\n\t<meta property=\"og:image:height\" content=\"1080\" \/>\n\t<meta property=\"og:image:type\" content=\"image\/png\" \/>\n<meta name=\"twitter:card\" content=\"summary_large_image\" \/>\n<meta name=\"twitter:label1\" content=\"Tiempo de lectura\" \/>\n\t<meta name=\"twitter:data1\" content=\"1 minuto\" \/>\n<script type=\"application\/ld+json\" class=\"yoast-schema-graph\">{\"@context\":\"https:\/\/schema.org\",\"@graph\":[{\"@type\":\"WebPage\",\"@id\":\"https:\/\/losincasfloreria.com\/index.php\/producto\/box-de-flores-4\/\",\"url\":\"https:\/\/losincasfloreria.com\/index.php\/producto\/box-de-flores-4\/\",\"name\":\"Ramo de novias - Buenos Aires Los Incas Florer\u00eda\",\"isPartOf\":{\"@id\":\"https:\/\/losincasfloreria.com\/#website\"},\"primaryImageOfPage\":{\"@id\":\"https:\/\/losincasfloreria.com\/index.php\/producto\/box-de-flores-4\/#primaryimage\"},\"image\":{\"@id\":\"https:\/\/losincasfloreria.com\/index.php\/producto\/box-de-flores-4\/#primaryimage\"},\"thumbnailUrl\":\"https:\/\/i0.wp.com\/losincasfloreria.com\/wp-content\/uploads\/2024\/02\/Diseno-sin-titulo-8.png?fit=1080%2C1080&ssl=1\",\"datePublished\":\"2024-02-24T21:25:54+00:00\",\"dateModified\":\"2024-11-09T05:42:47+00:00\",\"description\":\"Tenemos gran experiencia en crear el ramo de novia con las mejores flores premium del mercado. Escr\u00edbenos y te ayudaremos a crear el ramo que sue\u00f1as!\",\"breadcrumb\":{\"@id\":\"https:\/\/losincasfloreria.com\/index.php\/producto\/box-de-flores-4\/#breadcrumb\"},\"inLanguage\":\"es\",\"potentialAction\":[{\"@type\":\"ReadAction\",\"target\":[\"https:\/\/losincasfloreria.com\/index.php\/producto\/box-de-flores-4\/\"]}]},{\"@type\":\"ImageObject\",\"inLanguage\":\"es\",\"@id\":\"https:\/\/losincasfloreria.com\/index.php\/producto\/box-de-flores-4\/#primaryimage\",\"url\":\"https:\/\/i0.wp.com\/losincasfloreria.com\/wp-content\/uploads\/2024\/02\/Diseno-sin-titulo-8.png?fit=1080%2C1080&ssl=1\",\"contentUrl\":\"https:\/\/i0.wp.com\/losincasfloreria.com\/wp-content\/uploads\/2024\/02\/Diseno-sin-titulo-8.png?fit=1080%2C1080&ssl=1\",\"width\":1080,\"height\":1080,\"caption\":\"Ramo-de-flores-CABA\"},{\"@type\":\"BreadcrumbList\",\"@id\":\"https:\/\/losincasfloreria.com\/index.php\/producto\/box-de-flores-4\/#breadcrumb\",\"itemListElement\":[{\"@type\":\"ListItem\",\"position\":1,\"name\":\"Portada\",\"item\":\"https:\/\/losincasfloreria.com\/\"},{\"@type\":\"ListItem\",\"position\":2,\"name\":\"Productos\",\"item\":\"https:\/\/losincasfloreria.com\/index.php\/productos\/\"},{\"@type\":\"ListItem\",\"position\":3,\"name\":\"Box Mix Floral &#8211; Personalizados\"}]},{\"@type\":\"WebSite\",\"@id\":\"https:\/\/losincasfloreria.com\/#website\",\"url\":\"https:\/\/losincasfloreria.com\/\",\"name\":\"Los Incas florer\u00eda\",\"description\":\"Florer\u00eda Familiar con m\u00e1s de 10 a\u00f1os en la comunidad atendido por sus due\u00f1os\",\"publisher\":{\"@id\":\"https:\/\/losincasfloreria.com\/#organization\"},\"potentialAction\":[{\"@type\":\"SearchAction\",\"target\":{\"@type\":\"EntryPoint\",\"urlTemplate\":\"https:\/\/losincasfloreria.com\/?s={search_term_string}\"},\"query-input\":{\"@type\":\"PropertyValueSpecification\",\"valueRequired\":true,\"valueName\":\"search_term_string\"}}],\"inLanguage\":\"es\"},{\"@type\":\"Organization\",\"@id\":\"https:\/\/losincasfloreria.com\/#organization\",\"name\":\"Los Incas florer\u00eda\",\"url\":\"https:\/\/losincasfloreria.com\/\",\"logo\":{\"@type\":\"ImageObject\",\"inLanguage\":\"es\",\"@id\":\"https:\/\/losincasfloreria.com\/#\/schema\/logo\/image\/\",\"url\":\"https:\/\/i0.wp.com\/losincasfloreria.com\/wp-content\/uploads\/2024\/01\/Artboard-10%401.5x.png?fit=1882%2C750&ssl=1\",\"contentUrl\":\"https:\/\/i0.wp.com\/losincasfloreria.com\/wp-content\/uploads\/2024\/01\/Artboard-10%401.5x.png?fit=1882%2C750&ssl=1\",\"width\":1882,\"height\":750,\"caption\":\"Los Incas florer\u00eda\"},\"image\":{\"@id\":\"https:\/\/losincasfloreria.com\/#\/schema\/logo\/image\/\"},\"sameAs\":[\"https:\/\/www.instagram.com\/losincasfloreria\/\"]}]}<\/script>\n<!-- \/ Yoast SEO plugin. -->","yoast_head_json":{"title":"Ramo de novias - Buenos Aires Los Incas Florer\u00eda","description":"Tenemos gran experiencia en crear el ramo de novia con las mejores flores premium del mercado. Escr\u00edbenos y te ayudaremos a crear el ramo que sue\u00f1as!","robots":{"index":"index","follow":"follow","max-snippet":"max-snippet:-1","max-image-preview":"max-image-preview:large","max-video-preview":"max-video-preview:-1"},"canonical":"https:\/\/losincasfloreria.com\/index.php\/producto\/box-de-flores-4\/","og_locale":"es_ES","og_type":"article","og_title":"Ramo de novias - Buenos Aires Los Incas Florer\u00eda","og_description":"Tenemos gran experiencia en crear el ramo de novia con las mejores flores premium del mercado. Escr\u00edbenos y te ayudaremos a crear el ramo que sue\u00f1as!","og_url":"https:\/\/losincasfloreria.com\/index.php\/producto\/box-de-flores-4\/","og_site_name":"Los Incas florer\u00eda","article_publisher":"https:\/\/www.instagram.com\/losincasfloreria\/","article_modified_time":"2024-11-09T05:42:47+00:00","og_image":[{"width":1080,"height":1080,"url":"https:\/\/losincasfloreria.com\/wp-content\/uploads\/2024\/02\/Diseno-sin-titulo-8.png","type":"image\/png"}],"twitter_card":"summary_large_image","twitter_misc":{"Tiempo de lectura":"1 minuto"},"schema":{"@context":"https:\/\/schema.org","@graph":[{"@type":"WebPage","@id":"https:\/\/losincasfloreria.com\/index.php\/producto\/box-de-flores-4\/","url":"https:\/\/losincasfloreria.com\/index.php\/producto\/box-de-flores-4\/","name":"Ramo de novias - Buenos Aires Los Incas Florer\u00eda","isPartOf":{"@id":"https:\/\/losincasfloreria.com\/#website"},"primaryImageOfPage":{"@id":"https:\/\/losincasfloreria.com\/index.php\/producto\/box-de-flores-4\/#primaryimage"},"image":{"@id":"https:\/\/losincasfloreria.com\/index.php\/producto\/box-de-flores-4\/#primaryimage"},"thumbnailUrl":"https:\/\/i0.wp.com\/losincasfloreria.com\/wp-content\/uploads\/2024\/02\/Diseno-sin-titulo-8.png?fit=1080%2C1080&ssl=1","datePublished":"2024-02-24T21:25:54+00:00","dateModified":"2024-11-09T05:42:47+00:00","description":"Tenemos gran experiencia en crear el ramo de novia con las mejores flores premium del mercado. Escr\u00edbenos y te ayudaremos a crear el ramo que sue\u00f1as!","breadcrumb":{"@id":"https:\/\/losincasfloreria.com\/index.php\/producto\/box-de-flores-4\/#breadcrumb"},"inLanguage":"es","potentialAction":[{"@type":"ReadAction","target":["https:\/\/losincasfloreria.com\/index.php\/producto\/box-de-flores-4\/"]}]},{"@type":"ImageObject","inLanguage":"es","@id":"https:\/\/losincasfloreria.com\/index.php\/producto\/box-de-flores-4\/#primaryimage","url":"https:\/\/i0.wp.com\/losincasfloreria.com\/wp-content\/uploads\/2024\/02\/Diseno-sin-titulo-8.png?fit=1080%2C1080&ssl=1","contentUrl":"https:\/\/i0.wp.com\/losincasfloreria.com\/wp-content\/uploads\/2024\/02\/Diseno-sin-titulo-8.png?fit=1080%2C1080&ssl=1","width":1080,"height":1080,"caption":"Ramo-de-flores-CABA"},{"@type":"BreadcrumbList","@id":"https:\/\/losincasfloreria.com\/index.php\/producto\/box-de-flores-4\/#breadcrumb","itemListElement":[{"@type":"ListItem","position":1,"name":"Portada","item":"https:\/\/losincasfloreria.com\/"},{"@type":"ListItem","position":2,"name":"Productos","item":"https:\/\/losincasfloreria.com\/index.php\/productos\/"},{"@type":"ListItem","position":3,"name":"Box Mix Floral &#8211; Personalizados"}]},{"@type":"WebSite","@id":"https:\/\/losincasfloreria.com\/#website","url":"https:\/\/losincasfloreria.com\/","name":"Los Incas florer\u00eda","description":"Florer\u00eda Familiar con m\u00e1s de 10 a\u00f1os en la comunidad atendido por sus due\u00f1os","publisher":{"@id":"https:\/\/losincasfloreria.com\/#organization"},"potentialAction":[{"@type":"SearchAction","target":{"@type":"EntryPoint","urlTemplate":"https:\/\/losincasfloreria.com\/?s={search_term_string}"},"query-input":{"@type":"PropertyValueSpecification","valueRequired":true,"valueName":"search_term_string"}}],"inLanguage":"es"},{"@type":"Organization","@id":"https:\/\/losincasfloreria.com\/#organization","name":"Los Incas florer\u00eda","url":"https:\/\/losincasfloreria.com\/","logo":{"@type":"ImageObject","inLanguage":"es","@id":"https:\/\/losincasfloreria.com\/#\/schema\/logo\/image\/","url":"https:\/\/i0.wp.com\/losincasfloreria.com\/wp-content\/uploads\/2024\/01\/Artboard-10%401.5x.png?fit=1882%2C750&ssl=1","contentUrl":"https:\/\/i0.wp.com\/losincasfloreria.com\/wp-content\/uploads\/2024\/01\/Artboard-10%401.5x.png?fit=1882%2C750&ssl=1","width":1882,"height":750,"caption":"Los Incas florer\u00eda"},"image":{"@id":"https:\/\/losincasfloreria.com\/#\/schema\/logo\/image\/"},"sameAs":["https:\/\/www.instagram.com\/losincasfloreria\/"]}]}},"jetpack_sharing_enabled":true,"_links":{"self":[{"href":"https:\/\/losincasfloreria.com\/index.php\/wp-json\/wp\/v2\/product\/1700","targetHints":{"allow":["GET"]}}],"collection":[{"href":"https:\/\/losincasfloreria.com\/index.php\/wp-json\/wp\/v2\/product"}],"about":[{"href":"https:\/\/losincasfloreria.com\/index.php\/wp-json\/wp\/v2\/types\/product"}],"replies":[{"embeddable":true,"href":"https:\/\/losincasfloreria.com\/index.php\/wp-json\/wp\/v2\/comments?post=1700"}],"wp:featuredmedia":[{"embeddable":true,"href":"https:\/\/losincasfloreria.com\/index.php\/wp-json\/wp\/v2\/media\/1701"}],"wp:attachment":[{"href":"https:\/\/losincasfloreria.com\/index.php\/wp-json\/wp\/v2\/media?parent=1700"}],"wp:term":[{"taxonomy":"product_brand","embeddable":true,"href":"https:\/\/losincasfloreria.com\/index.php\/wp-json\/wp\/v2\/product_brand?post=1700"},{"taxonomy":"product_cat","embeddable":true,"href":"https:\/\/losincasfloreria.com\/index.php\/wp-json\/wp\/v2\/product_cat?post=1700"},{"taxonomy":"product_tag","embeddable":true,"href":"https:\/\/losincasfloreria.com\/index.php\/wp-json\/wp\/v2\/product_tag?post=1700"}],"curies":[{"name":"wp","href":"https:\/\/api.w.org\/{rel}","templated":true}]}}