{"id":1688,"date":"2024-02-24T17:17:32","date_gmt":"2024-02-24T20:17:32","guid":{"rendered":"https:\/\/losincasfloreria.com\/?post_type=product&#038;p=1688"},"modified":"2025-08-19T18:52:09","modified_gmt":"2025-08-19T21:52:09","slug":"ramo-de-novias-5","status":"publish","type":"product","link":"https:\/\/losincasfloreria.com\/index.php\/producto\/ramo-de-novias-5\/","title":{"rendered":"Ramo de Novia &#8211; Premium"},"content":{"rendered":"<p><span data-sheets-root=\"1\" data-sheets-value=\"{&quot;1&quot;:2,&quot;2&quot;:&quot;Ramo de flores de tama\u00f1o peque\u00f1o.nnCon un mix de flores de temporada.nn*La imagen es ilustrativa, las flores pueden cambiar seg\u00fan la disponibilidad de las temporadas, en caso de no haya alguna flor, te informaremos la mejor opci\u00f3n para que tu ramo sea \u00fanico y fresco.&quot;}\" data-sheets-userformat=\"{&quot;2&quot;:957,&quot;3&quot;:{&quot;1&quot;:0},&quot;5&quot;:{&quot;1&quot;:[{&quot;1&quot;:2,&quot;2&quot;:0,&quot;5&quot;:{&quot;1&quot;:2,&quot;2&quot;:0}},{&quot;1&quot;:0,&quot;2&quot;:0,&quot;3&quot;:2},{&quot;1&quot;:1,&quot;2&quot;:0,&quot;4&quot;:1}]},&quot;6&quot;:{&quot;1&quot;:[{&quot;1&quot;:2,&quot;2&quot;:0,&quot;5&quot;:{&quot;1&quot;:2,&quot;2&quot;:0}},{&quot;1&quot;:0,&quot;2&quot;:0,&quot;3&quot;:2},{&quot;1&quot;:1,&quot;2&quot;:0,&quot;4&quot;:1}]},&quot;7&quot;:{&quot;1&quot;:[{&quot;1&quot;:2,&quot;2&quot;:0,&quot;5&quot;:{&quot;1&quot;:2,&quot;2&quot;:0}},{&quot;1&quot;:0,&quot;2&quot;:0,&quot;3&quot;:3},{&quot;1&quot;:1,&quot;2&quot;:0,&quot;4&quot;:2}]},&quot;8&quot;:{&quot;1&quot;:[{&quot;1&quot;:2,&quot;2&quot;:0,&quot;5&quot;:{&quot;1&quot;:2,&quot;2&quot;:0}},{&quot;1&quot;:0,&quot;2&quot;:0,&quot;3&quot;:3},{&quot;1&quot;:1,&quot;2&quot;:0,&quot;4&quot;:2}]},&quot;10&quot;:1,&quot;11&quot;:4,&quot;12&quot;:0}\">Ramo de novia delicado y fresco para esta ocasi\u00f3n tan especial.<\/span><\/p>\n<p>*La imagen es ilustrativa, podemos ofrecerte servicio personalizado.<\/p>\n","protected":false},"excerpt":{"rendered":"<p><span data-sheets-root=\"1\" data-sheets-value=\"{&quot;1&quot;:2,&quot;2&quot;:&quot;Ramo de flores de tama\u00f1o peque\u00f1o.nnCon un mix de flores de temporada.nn*La imagen es ilustrativa, las flores pueden cambiar seg\u00fan la disponibilidad de las temporadas, en caso de no haya alguna flor, te informaremos la mejor opci\u00f3n para que tu ramo sea \u00fanico y fresco.&quot;}\" data-sheets-userformat=\"{&quot;2&quot;:957,&quot;3&quot;:{&quot;1&quot;:0},&quot;5&quot;:{&quot;1&quot;:[{&quot;1&quot;:2,&quot;2&quot;:0,&quot;5&quot;:{&quot;1&quot;:2,&quot;2&quot;:0}},{&quot;1&quot;:0,&quot;2&quot;:0,&quot;3&quot;:2},{&quot;1&quot;:1,&quot;2&quot;:0,&quot;4&quot;:1}]},&quot;6&quot;:{&quot;1&quot;:[{&quot;1&quot;:2,&quot;2&quot;:0,&quot;5&quot;:{&quot;1&quot;:2,&quot;2&quot;:0}},{&quot;1&quot;:0,&quot;2&quot;:0,&quot;3&quot;:2},{&quot;1&quot;:1,&quot;2&quot;:0,&quot;4&quot;:1}]},&quot;7&quot;:{&quot;1&quot;:[{&quot;1&quot;:2,&quot;2&quot;:0,&quot;5&quot;:{&quot;1&quot;:2,&quot;2&quot;:0}},{&quot;1&quot;:0,&quot;2&quot;:0,&quot;3&quot;:3},{&quot;1&quot;:1,&quot;2&quot;:0,&quot;4&quot;:2}]},&quot;8&quot;:{&quot;1&quot;:[{&quot;1&quot;:2,&quot;2&quot;:0,&quot;5&quot;:{&quot;1&quot;:2,&quot;2&quot;:0}},{&quot;1&quot;:0,&quot;2&quot;:0,&quot;3&quot;:3},{&quot;1&quot;:1,&quot;2&quot;:0,&quot;4&quot;:2}]},&quot;10&quot;:1,&quot;11&quot;:4,&quot;12&quot;:0}\">Ramo de novia delicado y fresco para esta ocasi\u00f3n tan especial.<\/span><\/p>\n<p>*La imagen es ilustrativa, podemos ofrecerte servicio personalizado.<\/p>\n","protected":false},"featured_media":1689,"comment_status":"open","ping_status":"closed","template":"","meta":[],"product_brand":[],"product_cat":[22],"product_tag":[69,66,67,68],"class_list":{"0":"post-1688","1":"product","2":"type-product","3":"status-publish","4":"has-post-thumbnail","6":"product_cat-ramos-de-novia","7":"product_tag-flores-premium","8":"product_tag-ramo-de-novia","9":"product_tag-ramo-de-novia-buenos-aires","10":"product_tag-ramo-de-novias-caba","12":"first","13":"instock","14":"taxable","15":"shipping-taxable","16":"purchasable","17":"product-type-simple"},"yoast_head":"<!-- This site is optimized with the Yoast SEO plugin v27.1.1 - https:\/\/yoast.com\/product\/yoast-seo-wordpress\/ -->\n<title>Ramo de novias - Buenos Aires Los Incas Florer\u00eda<\/title>\n<meta name=\"description\" content=\"Tenemos gran experiencia en crear el ramo de novia con las mejores flores premium del mercado. Escr\u00edbenos y te ayudaremos a crear el ramo que sue\u00f1as!\" \/>\n<meta name=\"robots\" content=\"index, follow, max-snippet:-1, max-image-preview:large, max-video-preview:-1\" \/>\n<link rel=\"canonical\" href=\"https:\/\/losincasfloreria.com\/index.php\/producto\/ramo-de-novias-5\/\" \/>\n<meta property=\"og:locale\" content=\"es_ES\" \/>\n<meta property=\"og:type\" content=\"article\" \/>\n<meta property=\"og:title\" content=\"Ramo de novias - Buenos Aires Los Incas Florer\u00eda\" \/>\n<meta property=\"og:description\" content=\"Tenemos gran experiencia en crear el ramo de novia con las mejores flores premium del mercado. Escr\u00edbenos y te ayudaremos a crear el ramo que sue\u00f1as!\" \/>\n<meta property=\"og:url\" content=\"https:\/\/losincasfloreria.com\/index.php\/producto\/ramo-de-novias-5\/\" \/>\n<meta property=\"og:site_name\" content=\"Los Incas florer\u00eda\" \/>\n<meta property=\"article:publisher\" content=\"https:\/\/www.instagram.com\/losincasfloreria\/\" \/>\n<meta property=\"article:modified_time\" content=\"2025-08-19T21:52:09+00:00\" \/>\n<meta property=\"og:image\" content=\"https:\/\/i0.wp.com\/losincasfloreria.com\/wp-content\/uploads\/2024\/02\/Diseno-sin-titulo-3.png?fit=1080%2C1080&ssl=1\" \/>\n\t<meta property=\"og:image:width\" content=\"1080\" \/>\n\t<meta property=\"og:image:height\" content=\"1080\" \/>\n\t<meta property=\"og:image:type\" content=\"image\/png\" \/>\n<meta name=\"twitter:card\" content=\"summary_large_image\" \/>\n<meta name=\"twitter:label1\" content=\"Tiempo de lectura\" \/>\n\t<meta name=\"twitter:data1\" content=\"1 minuto\" \/>\n<script type=\"application\/ld+json\" class=\"yoast-schema-graph\">{\"@context\":\"https:\/\/schema.org\",\"@graph\":[{\"@type\":\"WebPage\",\"@id\":\"https:\/\/losincasfloreria.com\/index.php\/producto\/ramo-de-novias-5\/\",\"url\":\"https:\/\/losincasfloreria.com\/index.php\/producto\/ramo-de-novias-5\/\",\"name\":\"Ramo de novias - Buenos Aires Los Incas Florer\u00eda\",\"isPartOf\":{\"@id\":\"https:\/\/losincasfloreria.com\/#website\"},\"primaryImageOfPage\":{\"@id\":\"https:\/\/losincasfloreria.com\/index.php\/producto\/ramo-de-novias-5\/#primaryimage\"},\"image\":{\"@id\":\"https:\/\/losincasfloreria.com\/index.php\/producto\/ramo-de-novias-5\/#primaryimage\"},\"thumbnailUrl\":\"https:\/\/i0.wp.com\/losincasfloreria.com\/wp-content\/uploads\/2024\/02\/Diseno-sin-titulo-3.png?fit=1080%2C1080&ssl=1\",\"datePublished\":\"2024-02-24T20:17:32+00:00\",\"dateModified\":\"2025-08-19T21:52:09+00:00\",\"description\":\"Tenemos gran experiencia en crear el ramo de novia con las mejores flores premium del mercado. Escr\u00edbenos y te ayudaremos a crear el ramo que sue\u00f1as!\",\"breadcrumb\":{\"@id\":\"https:\/\/losincasfloreria.com\/index.php\/producto\/ramo-de-novias-5\/#breadcrumb\"},\"inLanguage\":\"es\",\"potentialAction\":[{\"@type\":\"ReadAction\",\"target\":[\"https:\/\/losincasfloreria.com\/index.php\/producto\/ramo-de-novias-5\/\"]}]},{\"@type\":\"ImageObject\",\"inLanguage\":\"es\",\"@id\":\"https:\/\/losincasfloreria.com\/index.php\/producto\/ramo-de-novias-5\/#primaryimage\",\"url\":\"https:\/\/i0.wp.com\/losincasfloreria.com\/wp-content\/uploads\/2024\/02\/Diseno-sin-titulo-3.png?fit=1080%2C1080&ssl=1\",\"contentUrl\":\"https:\/\/i0.wp.com\/losincasfloreria.com\/wp-content\/uploads\/2024\/02\/Diseno-sin-titulo-3.png?fit=1080%2C1080&ssl=1\",\"width\":1080,\"height\":1080,\"caption\":\"Ramo-de-flores-CABA\"},{\"@type\":\"BreadcrumbList\",\"@id\":\"https:\/\/losincasfloreria.com\/index.php\/producto\/ramo-de-novias-5\/#breadcrumb\",\"itemListElement\":[{\"@type\":\"ListItem\",\"position\":1,\"name\":\"Portada\",\"item\":\"https:\/\/losincasfloreria.com\/\"},{\"@type\":\"ListItem\",\"position\":2,\"name\":\"Productos\",\"item\":\"https:\/\/losincasfloreria.com\/index.php\/productos\/\"},{\"@type\":\"ListItem\",\"position\":3,\"name\":\"Ramo de Novia &#8211; Premium\"}]},{\"@type\":\"WebSite\",\"@id\":\"https:\/\/losincasfloreria.com\/#website\",\"url\":\"https:\/\/losincasfloreria.com\/\",\"name\":\"Los Incas florer\u00eda\",\"description\":\"Florer\u00eda Familiar con m\u00e1s de 10 a\u00f1os en la comunidad atendido por sus due\u00f1os\",\"publisher\":{\"@id\":\"https:\/\/losincasfloreria.com\/#organization\"},\"potentialAction\":[{\"@type\":\"SearchAction\",\"target\":{\"@type\":\"EntryPoint\",\"urlTemplate\":\"https:\/\/losincasfloreria.com\/?s={search_term_string}\"},\"query-input\":{\"@type\":\"PropertyValueSpecification\",\"valueRequired\":true,\"valueName\":\"search_term_string\"}}],\"inLanguage\":\"es\"},{\"@type\":\"Organization\",\"@id\":\"https:\/\/losincasfloreria.com\/#organization\",\"name\":\"Los Incas florer\u00eda\",\"url\":\"https:\/\/losincasfloreria.com\/\",\"logo\":{\"@type\":\"ImageObject\",\"inLanguage\":\"es\",\"@id\":\"https:\/\/losincasfloreria.com\/#\/schema\/logo\/image\/\",\"url\":\"https:\/\/i0.wp.com\/losincasfloreria.com\/wp-content\/uploads\/2024\/01\/Artboard-10%401.5x.png?fit=1882%2C750&ssl=1\",\"contentUrl\":\"https:\/\/i0.wp.com\/losincasfloreria.com\/wp-content\/uploads\/2024\/01\/Artboard-10%401.5x.png?fit=1882%2C750&ssl=1\",\"width\":1882,\"height\":750,\"caption\":\"Los Incas florer\u00eda\"},\"image\":{\"@id\":\"https:\/\/losincasfloreria.com\/#\/schema\/logo\/image\/\"},\"sameAs\":[\"https:\/\/www.instagram.com\/losincasfloreria\/\"]}]}<\/script>\n<!-- \/ Yoast SEO plugin. -->","yoast_head_json":{"title":"Ramo de novias - Buenos Aires Los Incas Florer\u00eda","description":"Tenemos gran experiencia en crear el ramo de novia con las mejores flores premium del mercado. Escr\u00edbenos y te ayudaremos a crear el ramo que sue\u00f1as!","robots":{"index":"index","follow":"follow","max-snippet":"max-snippet:-1","max-image-preview":"max-image-preview:large","max-video-preview":"max-video-preview:-1"},"canonical":"https:\/\/losincasfloreria.com\/index.php\/producto\/ramo-de-novias-5\/","og_locale":"es_ES","og_type":"article","og_title":"Ramo de novias - Buenos Aires Los Incas Florer\u00eda","og_description":"Tenemos gran experiencia en crear el ramo de novia con las mejores flores premium del mercado. Escr\u00edbenos y te ayudaremos a crear el ramo que sue\u00f1as!","og_url":"https:\/\/losincasfloreria.com\/index.php\/producto\/ramo-de-novias-5\/","og_site_name":"Los Incas florer\u00eda","article_publisher":"https:\/\/www.instagram.com\/losincasfloreria\/","article_modified_time":"2025-08-19T21:52:09+00:00","og_image":[{"width":1080,"height":1080,"url":"https:\/\/i0.wp.com\/losincasfloreria.com\/wp-content\/uploads\/2024\/02\/Diseno-sin-titulo-3.png?fit=1080%2C1080&ssl=1","type":"image\/png"}],"twitter_card":"summary_large_image","twitter_misc":{"Tiempo de lectura":"1 minuto"},"schema":{"@context":"https:\/\/schema.org","@graph":[{"@type":"WebPage","@id":"https:\/\/losincasfloreria.com\/index.php\/producto\/ramo-de-novias-5\/","url":"https:\/\/losincasfloreria.com\/index.php\/producto\/ramo-de-novias-5\/","name":"Ramo de novias - Buenos Aires Los Incas Florer\u00eda","isPartOf":{"@id":"https:\/\/losincasfloreria.com\/#website"},"primaryImageOfPage":{"@id":"https:\/\/losincasfloreria.com\/index.php\/producto\/ramo-de-novias-5\/#primaryimage"},"image":{"@id":"https:\/\/losincasfloreria.com\/index.php\/producto\/ramo-de-novias-5\/#primaryimage"},"thumbnailUrl":"https:\/\/i0.wp.com\/losincasfloreria.com\/wp-content\/uploads\/2024\/02\/Diseno-sin-titulo-3.png?fit=1080%2C1080&ssl=1","datePublished":"2024-02-24T20:17:32+00:00","dateModified":"2025-08-19T21:52:09+00:00","description":"Tenemos gran experiencia en crear el ramo de novia con las mejores flores premium del mercado. Escr\u00edbenos y te ayudaremos a crear el ramo que sue\u00f1as!","breadcrumb":{"@id":"https:\/\/losincasfloreria.com\/index.php\/producto\/ramo-de-novias-5\/#breadcrumb"},"inLanguage":"es","potentialAction":[{"@type":"ReadAction","target":["https:\/\/losincasfloreria.com\/index.php\/producto\/ramo-de-novias-5\/"]}]},{"@type":"ImageObject","inLanguage":"es","@id":"https:\/\/losincasfloreria.com\/index.php\/producto\/ramo-de-novias-5\/#primaryimage","url":"https:\/\/i0.wp.com\/losincasfloreria.com\/wp-content\/uploads\/2024\/02\/Diseno-sin-titulo-3.png?fit=1080%2C1080&ssl=1","contentUrl":"https:\/\/i0.wp.com\/losincasfloreria.com\/wp-content\/uploads\/2024\/02\/Diseno-sin-titulo-3.png?fit=1080%2C1080&ssl=1","width":1080,"height":1080,"caption":"Ramo-de-flores-CABA"},{"@type":"BreadcrumbList","@id":"https:\/\/losincasfloreria.com\/index.php\/producto\/ramo-de-novias-5\/#breadcrumb","itemListElement":[{"@type":"ListItem","position":1,"name":"Portada","item":"https:\/\/losincasfloreria.com\/"},{"@type":"ListItem","position":2,"name":"Productos","item":"https:\/\/losincasfloreria.com\/index.php\/productos\/"},{"@type":"ListItem","position":3,"name":"Ramo de Novia &#8211; Premium"}]},{"@type":"WebSite","@id":"https:\/\/losincasfloreria.com\/#website","url":"https:\/\/losincasfloreria.com\/","name":"Los Incas florer\u00eda","description":"Florer\u00eda Familiar con m\u00e1s de 10 a\u00f1os en la comunidad atendido por sus due\u00f1os","publisher":{"@id":"https:\/\/losincasfloreria.com\/#organization"},"potentialAction":[{"@type":"SearchAction","target":{"@type":"EntryPoint","urlTemplate":"https:\/\/losincasfloreria.com\/?s={search_term_string}"},"query-input":{"@type":"PropertyValueSpecification","valueRequired":true,"valueName":"search_term_string"}}],"inLanguage":"es"},{"@type":"Organization","@id":"https:\/\/losincasfloreria.com\/#organization","name":"Los Incas florer\u00eda","url":"https:\/\/losincasfloreria.com\/","logo":{"@type":"ImageObject","inLanguage":"es","@id":"https:\/\/losincasfloreria.com\/#\/schema\/logo\/image\/","url":"https:\/\/i0.wp.com\/losincasfloreria.com\/wp-content\/uploads\/2024\/01\/Artboard-10%401.5x.png?fit=1882%2C750&ssl=1","contentUrl":"https:\/\/i0.wp.com\/losincasfloreria.com\/wp-content\/uploads\/2024\/01\/Artboard-10%401.5x.png?fit=1882%2C750&ssl=1","width":1882,"height":750,"caption":"Los Incas florer\u00eda"},"image":{"@id":"https:\/\/losincasfloreria.com\/#\/schema\/logo\/image\/"},"sameAs":["https:\/\/www.instagram.com\/losincasfloreria\/"]}]}},"jetpack_sharing_enabled":true,"_links":{"self":[{"href":"https:\/\/losincasfloreria.com\/index.php\/wp-json\/wp\/v2\/product\/1688","targetHints":{"allow":["GET"]}}],"collection":[{"href":"https:\/\/losincasfloreria.com\/index.php\/wp-json\/wp\/v2\/product"}],"about":[{"href":"https:\/\/losincasfloreria.com\/index.php\/wp-json\/wp\/v2\/types\/product"}],"replies":[{"embeddable":true,"href":"https:\/\/losincasfloreria.com\/index.php\/wp-json\/wp\/v2\/comments?post=1688"}],"wp:featuredmedia":[{"embeddable":true,"href":"https:\/\/losincasfloreria.com\/index.php\/wp-json\/wp\/v2\/media\/1689"}],"wp:attachment":[{"href":"https:\/\/losincasfloreria.com\/index.php\/wp-json\/wp\/v2\/media?parent=1688"}],"wp:term":[{"taxonomy":"product_brand","embeddable":true,"href":"https:\/\/losincasfloreria.com\/index.php\/wp-json\/wp\/v2\/product_brand?post=1688"},{"taxonomy":"product_cat","embeddable":true,"href":"https:\/\/losincasfloreria.com\/index.php\/wp-json\/wp\/v2\/product_cat?post=1688"},{"taxonomy":"product_tag","embeddable":true,"href":"https:\/\/losincasfloreria.com\/index.php\/wp-json\/wp\/v2\/product_tag?post=1688"}],"curies":[{"name":"wp","href":"https:\/\/api.w.org\/{rel}","templated":true}]}}