{"id":1670,"date":"2024-02-24T20:29:34","date_gmt":"2024-02-24T19:29:34","guid":{"rendered":"https:\/\/losincasfloreria.com\/?post_type=product&#038;p=1670"},"modified":"2025-08-19T18:43:21","modified_gmt":"2025-08-19T21:43:21","slug":"centros-de-mesa-3","status":"publish","type":"product","link":"https:\/\/losincasfloreria.com\/index.php\/producto\/centros-de-mesa-3\/","title":{"rendered":"Centro de mesa &#8211; Mediano"},"content":{"rendered":"<p>Centro de mesas con mix de flores para embellecer cualquier espacio.<\/p>\n<p>*La imagen es ilustrativa.<\/p>\n","protected":false},"excerpt":{"rendered":"<p>Centro de mesas con mix de flores para embellecer cualquier espacio.<\/p>\n<p>*La imagen es ilustrativa.<\/p>\n","protected":false},"featured_media":1671,"comment_status":"open","ping_status":"closed","template":"","meta":[],"product_brand":[],"product_cat":[21],"product_tag":[71,73,72],"class_list":{"0":"post-1670","1":"product","2":"type-product","3":"status-publish","4":"has-post-thumbnail","6":"product_cat-centros-de-mesa","7":"product_tag-centro-de-mesas-florales","8":"product_tag-centros-de-mesa-buenos-aires","9":"product_tag-centros-de-mesa-caba","11":"first","12":"instock","13":"taxable","14":"shipping-taxable","15":"purchasable","16":"product-type-simple"},"yoast_head":"<!-- This site is optimized with the Yoast SEO plugin v27.1.1 - https:\/\/yoast.com\/product\/yoast-seo-wordpress\/ -->\n<title>Ramo de Flores - Los Incas Florer\u00eda CABA<\/title>\n<meta name=\"description\" content=\"Quieres regalar un ramo de flores, escr\u00edbenos y te asesoramos. Creamos arreglos de flores personalizados para toda ocasi\u00f3n.\" \/>\n<meta name=\"robots\" content=\"index, follow, max-snippet:-1, max-image-preview:large, max-video-preview:-1\" \/>\n<link rel=\"canonical\" href=\"https:\/\/losincasfloreria.com\/index.php\/producto\/centros-de-mesa-3\/\" \/>\n<meta property=\"og:locale\" content=\"es_ES\" \/>\n<meta property=\"og:type\" content=\"article\" \/>\n<meta property=\"og:title\" content=\"Ramo de Flores - Los Incas Florer\u00eda CABA\" \/>\n<meta property=\"og:description\" content=\"Quieres regalar un ramo de flores, escr\u00edbenos y te asesoramos. Creamos arreglos de flores personalizados para toda ocasi\u00f3n.\" \/>\n<meta property=\"og:url\" content=\"https:\/\/losincasfloreria.com\/index.php\/producto\/centros-de-mesa-3\/\" \/>\n<meta property=\"og:site_name\" content=\"Los Incas florer\u00eda\" \/>\n<meta property=\"article:publisher\" content=\"https:\/\/www.instagram.com\/losincasfloreria\/\" \/>\n<meta property=\"article:modified_time\" content=\"2025-08-19T21:43:21+00:00\" \/>\n<meta property=\"og:image\" content=\"https:\/\/losincasfloreria.com\/wp-content\/uploads\/2024\/02\/centro-mesa-mediano.png\" \/>\n\t<meta property=\"og:image:width\" content=\"1080\" \/>\n\t<meta property=\"og:image:height\" content=\"1080\" \/>\n\t<meta property=\"og:image:type\" content=\"image\/png\" \/>\n<meta name=\"twitter:card\" content=\"summary_large_image\" \/>\n<meta name=\"twitter:label1\" content=\"Tiempo de lectura\" \/>\n\t<meta name=\"twitter:data1\" content=\"1 minuto\" \/>\n<script type=\"application\/ld+json\" class=\"yoast-schema-graph\">{\"@context\":\"https:\/\/schema.org\",\"@graph\":[{\"@type\":\"WebPage\",\"@id\":\"https:\/\/losincasfloreria.com\/index.php\/producto\/centros-de-mesa-3\/\",\"url\":\"https:\/\/losincasfloreria.com\/index.php\/producto\/centros-de-mesa-3\/\",\"name\":\"Ramo de Flores - Los Incas Florer\u00eda CABA\",\"isPartOf\":{\"@id\":\"https:\/\/losincasfloreria.com\/#website\"},\"primaryImageOfPage\":{\"@id\":\"https:\/\/losincasfloreria.com\/index.php\/producto\/centros-de-mesa-3\/#primaryimage\"},\"image\":{\"@id\":\"https:\/\/losincasfloreria.com\/index.php\/producto\/centros-de-mesa-3\/#primaryimage\"},\"thumbnailUrl\":\"https:\/\/i0.wp.com\/losincasfloreria.com\/wp-content\/uploads\/2024\/02\/centro-mesa-mediano.png?fit=1080%2C1080&ssl=1\",\"datePublished\":\"2024-02-24T19:29:34+00:00\",\"dateModified\":\"2025-08-19T21:43:21+00:00\",\"description\":\"Quieres regalar un ramo de flores, escr\u00edbenos y te asesoramos. Creamos arreglos de flores personalizados para toda ocasi\u00f3n.\",\"breadcrumb\":{\"@id\":\"https:\/\/losincasfloreria.com\/index.php\/producto\/centros-de-mesa-3\/#breadcrumb\"},\"inLanguage\":\"es\",\"potentialAction\":[{\"@type\":\"ReadAction\",\"target\":[\"https:\/\/losincasfloreria.com\/index.php\/producto\/centros-de-mesa-3\/\"]}]},{\"@type\":\"ImageObject\",\"inLanguage\":\"es\",\"@id\":\"https:\/\/losincasfloreria.com\/index.php\/producto\/centros-de-mesa-3\/#primaryimage\",\"url\":\"https:\/\/i0.wp.com\/losincasfloreria.com\/wp-content\/uploads\/2024\/02\/centro-mesa-mediano.png?fit=1080%2C1080&ssl=1\",\"contentUrl\":\"https:\/\/i0.wp.com\/losincasfloreria.com\/wp-content\/uploads\/2024\/02\/centro-mesa-mediano.png?fit=1080%2C1080&ssl=1\",\"width\":1080,\"height\":1080,\"caption\":\"Ramo-de-flores-CABA\"},{\"@type\":\"BreadcrumbList\",\"@id\":\"https:\/\/losincasfloreria.com\/index.php\/producto\/centros-de-mesa-3\/#breadcrumb\",\"itemListElement\":[{\"@type\":\"ListItem\",\"position\":1,\"name\":\"Portada\",\"item\":\"https:\/\/losincasfloreria.com\/\"},{\"@type\":\"ListItem\",\"position\":2,\"name\":\"Productos\",\"item\":\"https:\/\/losincasfloreria.com\/index.php\/productos\/\"},{\"@type\":\"ListItem\",\"position\":3,\"name\":\"Centro de mesa &#8211; Mediano\"}]},{\"@type\":\"WebSite\",\"@id\":\"https:\/\/losincasfloreria.com\/#website\",\"url\":\"https:\/\/losincasfloreria.com\/\",\"name\":\"Los Incas florer\u00eda\",\"description\":\"Florer\u00eda Familiar con m\u00e1s de 10 a\u00f1os en la comunidad atendido por sus due\u00f1os\",\"publisher\":{\"@id\":\"https:\/\/losincasfloreria.com\/#organization\"},\"potentialAction\":[{\"@type\":\"SearchAction\",\"target\":{\"@type\":\"EntryPoint\",\"urlTemplate\":\"https:\/\/losincasfloreria.com\/?s={search_term_string}\"},\"query-input\":{\"@type\":\"PropertyValueSpecification\",\"valueRequired\":true,\"valueName\":\"search_term_string\"}}],\"inLanguage\":\"es\"},{\"@type\":\"Organization\",\"@id\":\"https:\/\/losincasfloreria.com\/#organization\",\"name\":\"Los Incas florer\u00eda\",\"url\":\"https:\/\/losincasfloreria.com\/\",\"logo\":{\"@type\":\"ImageObject\",\"inLanguage\":\"es\",\"@id\":\"https:\/\/losincasfloreria.com\/#\/schema\/logo\/image\/\",\"url\":\"https:\/\/i0.wp.com\/losincasfloreria.com\/wp-content\/uploads\/2024\/01\/Artboard-10%401.5x.png?fit=1882%2C750&ssl=1\",\"contentUrl\":\"https:\/\/i0.wp.com\/losincasfloreria.com\/wp-content\/uploads\/2024\/01\/Artboard-10%401.5x.png?fit=1882%2C750&ssl=1\",\"width\":1882,\"height\":750,\"caption\":\"Los Incas florer\u00eda\"},\"image\":{\"@id\":\"https:\/\/losincasfloreria.com\/#\/schema\/logo\/image\/\"},\"sameAs\":[\"https:\/\/www.instagram.com\/losincasfloreria\/\"]}]}<\/script>\n<!-- \/ Yoast SEO plugin. -->","yoast_head_json":{"title":"Ramo de Flores - Los Incas Florer\u00eda CABA","description":"Quieres regalar un ramo de flores, escr\u00edbenos y te asesoramos. Creamos arreglos de flores personalizados para toda ocasi\u00f3n.","robots":{"index":"index","follow":"follow","max-snippet":"max-snippet:-1","max-image-preview":"max-image-preview:large","max-video-preview":"max-video-preview:-1"},"canonical":"https:\/\/losincasfloreria.com\/index.php\/producto\/centros-de-mesa-3\/","og_locale":"es_ES","og_type":"article","og_title":"Ramo de Flores - Los Incas Florer\u00eda CABA","og_description":"Quieres regalar un ramo de flores, escr\u00edbenos y te asesoramos. Creamos arreglos de flores personalizados para toda ocasi\u00f3n.","og_url":"https:\/\/losincasfloreria.com\/index.php\/producto\/centros-de-mesa-3\/","og_site_name":"Los Incas florer\u00eda","article_publisher":"https:\/\/www.instagram.com\/losincasfloreria\/","article_modified_time":"2025-08-19T21:43:21+00:00","og_image":[{"width":1080,"height":1080,"url":"https:\/\/losincasfloreria.com\/wp-content\/uploads\/2024\/02\/centro-mesa-mediano.png","type":"image\/png"}],"twitter_card":"summary_large_image","twitter_misc":{"Tiempo de lectura":"1 minuto"},"schema":{"@context":"https:\/\/schema.org","@graph":[{"@type":"WebPage","@id":"https:\/\/losincasfloreria.com\/index.php\/producto\/centros-de-mesa-3\/","url":"https:\/\/losincasfloreria.com\/index.php\/producto\/centros-de-mesa-3\/","name":"Ramo de Flores - Los Incas Florer\u00eda CABA","isPartOf":{"@id":"https:\/\/losincasfloreria.com\/#website"},"primaryImageOfPage":{"@id":"https:\/\/losincasfloreria.com\/index.php\/producto\/centros-de-mesa-3\/#primaryimage"},"image":{"@id":"https:\/\/losincasfloreria.com\/index.php\/producto\/centros-de-mesa-3\/#primaryimage"},"thumbnailUrl":"https:\/\/i0.wp.com\/losincasfloreria.com\/wp-content\/uploads\/2024\/02\/centro-mesa-mediano.png?fit=1080%2C1080&ssl=1","datePublished":"2024-02-24T19:29:34+00:00","dateModified":"2025-08-19T21:43:21+00:00","description":"Quieres regalar un ramo de flores, escr\u00edbenos y te asesoramos. Creamos arreglos de flores personalizados para toda ocasi\u00f3n.","breadcrumb":{"@id":"https:\/\/losincasfloreria.com\/index.php\/producto\/centros-de-mesa-3\/#breadcrumb"},"inLanguage":"es","potentialAction":[{"@type":"ReadAction","target":["https:\/\/losincasfloreria.com\/index.php\/producto\/centros-de-mesa-3\/"]}]},{"@type":"ImageObject","inLanguage":"es","@id":"https:\/\/losincasfloreria.com\/index.php\/producto\/centros-de-mesa-3\/#primaryimage","url":"https:\/\/i0.wp.com\/losincasfloreria.com\/wp-content\/uploads\/2024\/02\/centro-mesa-mediano.png?fit=1080%2C1080&ssl=1","contentUrl":"https:\/\/i0.wp.com\/losincasfloreria.com\/wp-content\/uploads\/2024\/02\/centro-mesa-mediano.png?fit=1080%2C1080&ssl=1","width":1080,"height":1080,"caption":"Ramo-de-flores-CABA"},{"@type":"BreadcrumbList","@id":"https:\/\/losincasfloreria.com\/index.php\/producto\/centros-de-mesa-3\/#breadcrumb","itemListElement":[{"@type":"ListItem","position":1,"name":"Portada","item":"https:\/\/losincasfloreria.com\/"},{"@type":"ListItem","position":2,"name":"Productos","item":"https:\/\/losincasfloreria.com\/index.php\/productos\/"},{"@type":"ListItem","position":3,"name":"Centro de mesa &#8211; Mediano"}]},{"@type":"WebSite","@id":"https:\/\/losincasfloreria.com\/#website","url":"https:\/\/losincasfloreria.com\/","name":"Los Incas florer\u00eda","description":"Florer\u00eda Familiar con m\u00e1s de 10 a\u00f1os en la comunidad atendido por sus due\u00f1os","publisher":{"@id":"https:\/\/losincasfloreria.com\/#organization"},"potentialAction":[{"@type":"SearchAction","target":{"@type":"EntryPoint","urlTemplate":"https:\/\/losincasfloreria.com\/?s={search_term_string}"},"query-input":{"@type":"PropertyValueSpecification","valueRequired":true,"valueName":"search_term_string"}}],"inLanguage":"es"},{"@type":"Organization","@id":"https:\/\/losincasfloreria.com\/#organization","name":"Los Incas florer\u00eda","url":"https:\/\/losincasfloreria.com\/","logo":{"@type":"ImageObject","inLanguage":"es","@id":"https:\/\/losincasfloreria.com\/#\/schema\/logo\/image\/","url":"https:\/\/i0.wp.com\/losincasfloreria.com\/wp-content\/uploads\/2024\/01\/Artboard-10%401.5x.png?fit=1882%2C750&ssl=1","contentUrl":"https:\/\/i0.wp.com\/losincasfloreria.com\/wp-content\/uploads\/2024\/01\/Artboard-10%401.5x.png?fit=1882%2C750&ssl=1","width":1882,"height":750,"caption":"Los Incas florer\u00eda"},"image":{"@id":"https:\/\/losincasfloreria.com\/#\/schema\/logo\/image\/"},"sameAs":["https:\/\/www.instagram.com\/losincasfloreria\/"]}]}},"jetpack_sharing_enabled":true,"_links":{"self":[{"href":"https:\/\/losincasfloreria.com\/index.php\/wp-json\/wp\/v2\/product\/1670","targetHints":{"allow":["GET"]}}],"collection":[{"href":"https:\/\/losincasfloreria.com\/index.php\/wp-json\/wp\/v2\/product"}],"about":[{"href":"https:\/\/losincasfloreria.com\/index.php\/wp-json\/wp\/v2\/types\/product"}],"replies":[{"embeddable":true,"href":"https:\/\/losincasfloreria.com\/index.php\/wp-json\/wp\/v2\/comments?post=1670"}],"wp:featuredmedia":[{"embeddable":true,"href":"https:\/\/losincasfloreria.com\/index.php\/wp-json\/wp\/v2\/media\/1671"}],"wp:attachment":[{"href":"https:\/\/losincasfloreria.com\/index.php\/wp-json\/wp\/v2\/media?parent=1670"}],"wp:term":[{"taxonomy":"product_brand","embeddable":true,"href":"https:\/\/losincasfloreria.com\/index.php\/wp-json\/wp\/v2\/product_brand?post=1670"},{"taxonomy":"product_cat","embeddable":true,"href":"https:\/\/losincasfloreria.com\/index.php\/wp-json\/wp\/v2\/product_cat?post=1670"},{"taxonomy":"product_tag","embeddable":true,"href":"https:\/\/losincasfloreria.com\/index.php\/wp-json\/wp\/v2\/product_tag?post=1670"}],"curies":[{"name":"wp","href":"https:\/\/api.w.org\/{rel}","templated":true}]}}