{"id":1618,"date":"2024-02-24T00:01:58","date_gmt":"2024-02-23T23:01:58","guid":{"rendered":"https:\/\/losincasfloreria.com\/?post_type=product&#038;p=1618"},"modified":"2025-11-25T13:58:43","modified_gmt":"2025-11-25T16:58:43","slug":"ramo-de-flores-8","status":"publish","type":"product","link":"https:\/\/losincasfloreria.com\/index.php\/producto\/ramo-de-flores-8\/","title":{"rendered":"Ramo de flores &#8211; Mediano"},"content":{"rendered":"<p>Ramo de flores de tama\u00f1o mediano.<\/p>\n<p>Nuestros ramos est\u00e1n hechos con un mix de flores de temporada. Siempre elegimos la mejor variedad, puedes realizarnos todas las consultas en caso de que quieras hacer alg\u00fan cambio.<\/p>\n<p>&nbsp;<\/p>\n<p>Importante: La imagen es ilustrativa, las flores pueden cambiar seg\u00fan la disponibilidad de las temporadas, en caso de no haya alguna flor, te informaremos la mejor opci\u00f3n para que tu ramo sea \u00fanico y fresco.<\/p>\n","protected":false},"excerpt":{"rendered":"<p>Ramo de flores de tama\u00f1o mediano.<\/p>\n<p>Con un mix de flores de temporada.<\/p>\n","protected":false},"featured_media":1619,"comment_status":"open","ping_status":"closed","template":"","meta":[],"product_brand":[],"product_cat":[37,20],"product_tag":[49,59,58,30,51],"class_list":{"0":"post-1618","1":"product","2":"type-product","3":"status-publish","4":"has-post-thumbnail","6":"product_cat-ramo-de-flores-mixto","7":"product_cat-ramos-de-flores","8":"product_tag-arreglos-de-flores","9":"product_tag-flores-caba","10":"product_tag-flores-en-buenos-aires","11":"product_tag-ramo-de-flores","12":"product_tag-rosas-en-buenos-aires","14":"first","15":"instock","16":"taxable","17":"shipping-taxable","18":"purchasable","19":"product-type-simple"},"yoast_head":"<!-- This site is optimized with the Yoast SEO plugin v27.1.1 - https:\/\/yoast.com\/product\/yoast-seo-wordpress\/ -->\n<title>Ramo de Flores - Los Incas Florer\u00eda CABA<\/title>\n<meta name=\"description\" content=\"Quieres regalar un ramo de flores, escr\u00edbenos y te asesoramos. Creamos arreglos de flores personalizados para toda ocasi\u00f3n.\" \/>\n<meta name=\"robots\" content=\"index, follow, max-snippet:-1, max-image-preview:large, max-video-preview:-1\" \/>\n<link rel=\"canonical\" href=\"https:\/\/losincasfloreria.com\/index.php\/producto\/ramo-de-flores-8\/\" \/>\n<meta property=\"og:locale\" content=\"es_ES\" \/>\n<meta property=\"og:type\" content=\"article\" \/>\n<meta property=\"og:title\" content=\"Ramo de Flores - Los Incas Florer\u00eda CABA\" \/>\n<meta property=\"og:description\" content=\"Quieres regalar un ramo de flores, escr\u00edbenos y te asesoramos. Creamos arreglos de flores personalizados para toda ocasi\u00f3n.\" \/>\n<meta property=\"og:url\" content=\"https:\/\/losincasfloreria.com\/index.php\/producto\/ramo-de-flores-8\/\" \/>\n<meta property=\"og:site_name\" content=\"Los Incas florer\u00eda\" \/>\n<meta property=\"article:publisher\" content=\"https:\/\/www.instagram.com\/losincasfloreria\/\" \/>\n<meta property=\"article:modified_time\" content=\"2025-11-25T16:58:43+00:00\" \/>\n<meta property=\"og:image\" content=\"https:\/\/losincasfloreria.com\/wp-content\/uploads\/2024\/02\/ramo-flores-mediano-mix.png\" \/>\n\t<meta property=\"og:image:width\" content=\"1080\" \/>\n\t<meta property=\"og:image:height\" content=\"1080\" \/>\n\t<meta property=\"og:image:type\" content=\"image\/png\" \/>\n<meta name=\"twitter:card\" content=\"summary_large_image\" \/>\n<meta name=\"twitter:label1\" content=\"Tiempo de lectura\" \/>\n\t<meta name=\"twitter:data1\" content=\"1 minuto\" \/>\n<script type=\"application\/ld+json\" class=\"yoast-schema-graph\">{\"@context\":\"https:\/\/schema.org\",\"@graph\":[{\"@type\":\"WebPage\",\"@id\":\"https:\/\/losincasfloreria.com\/index.php\/producto\/ramo-de-flores-8\/\",\"url\":\"https:\/\/losincasfloreria.com\/index.php\/producto\/ramo-de-flores-8\/\",\"name\":\"Ramo de Flores - Los Incas Florer\u00eda CABA\",\"isPartOf\":{\"@id\":\"https:\/\/losincasfloreria.com\/#website\"},\"primaryImageOfPage\":{\"@id\":\"https:\/\/losincasfloreria.com\/index.php\/producto\/ramo-de-flores-8\/#primaryimage\"},\"image\":{\"@id\":\"https:\/\/losincasfloreria.com\/index.php\/producto\/ramo-de-flores-8\/#primaryimage\"},\"thumbnailUrl\":\"https:\/\/i0.wp.com\/losincasfloreria.com\/wp-content\/uploads\/2024\/02\/ramo-flores-mediano-mix.png?fit=1080%2C1080&ssl=1\",\"datePublished\":\"2024-02-23T23:01:58+00:00\",\"dateModified\":\"2025-11-25T16:58:43+00:00\",\"description\":\"Quieres regalar un ramo de flores, escr\u00edbenos y te asesoramos. Creamos arreglos de flores personalizados para toda ocasi\u00f3n.\",\"breadcrumb\":{\"@id\":\"https:\/\/losincasfloreria.com\/index.php\/producto\/ramo-de-flores-8\/#breadcrumb\"},\"inLanguage\":\"es\",\"potentialAction\":[{\"@type\":\"ReadAction\",\"target\":[\"https:\/\/losincasfloreria.com\/index.php\/producto\/ramo-de-flores-8\/\"]}]},{\"@type\":\"ImageObject\",\"inLanguage\":\"es\",\"@id\":\"https:\/\/losincasfloreria.com\/index.php\/producto\/ramo-de-flores-8\/#primaryimage\",\"url\":\"https:\/\/i0.wp.com\/losincasfloreria.com\/wp-content\/uploads\/2024\/02\/ramo-flores-mediano-mix.png?fit=1080%2C1080&ssl=1\",\"contentUrl\":\"https:\/\/i0.wp.com\/losincasfloreria.com\/wp-content\/uploads\/2024\/02\/ramo-flores-mediano-mix.png?fit=1080%2C1080&ssl=1\",\"width\":1080,\"height\":1080,\"caption\":\"Ramo-de-flores-CABA\"},{\"@type\":\"BreadcrumbList\",\"@id\":\"https:\/\/losincasfloreria.com\/index.php\/producto\/ramo-de-flores-8\/#breadcrumb\",\"itemListElement\":[{\"@type\":\"ListItem\",\"position\":1,\"name\":\"Portada\",\"item\":\"https:\/\/losincasfloreria.com\/\"},{\"@type\":\"ListItem\",\"position\":2,\"name\":\"Productos\",\"item\":\"https:\/\/losincasfloreria.com\/index.php\/productos\/\"},{\"@type\":\"ListItem\",\"position\":3,\"name\":\"Ramo de flores &#8211; Mediano\"}]},{\"@type\":\"WebSite\",\"@id\":\"https:\/\/losincasfloreria.com\/#website\",\"url\":\"https:\/\/losincasfloreria.com\/\",\"name\":\"Los Incas florer\u00eda\",\"description\":\"Florer\u00eda Familiar con m\u00e1s de 10 a\u00f1os en la comunidad atendido por sus due\u00f1os\",\"publisher\":{\"@id\":\"https:\/\/losincasfloreria.com\/#organization\"},\"potentialAction\":[{\"@type\":\"SearchAction\",\"target\":{\"@type\":\"EntryPoint\",\"urlTemplate\":\"https:\/\/losincasfloreria.com\/?s={search_term_string}\"},\"query-input\":{\"@type\":\"PropertyValueSpecification\",\"valueRequired\":true,\"valueName\":\"search_term_string\"}}],\"inLanguage\":\"es\"},{\"@type\":\"Organization\",\"@id\":\"https:\/\/losincasfloreria.com\/#organization\",\"name\":\"Los Incas florer\u00eda\",\"url\":\"https:\/\/losincasfloreria.com\/\",\"logo\":{\"@type\":\"ImageObject\",\"inLanguage\":\"es\",\"@id\":\"https:\/\/losincasfloreria.com\/#\/schema\/logo\/image\/\",\"url\":\"https:\/\/i0.wp.com\/losincasfloreria.com\/wp-content\/uploads\/2024\/01\/Artboard-10%401.5x.png?fit=1882%2C750&ssl=1\",\"contentUrl\":\"https:\/\/i0.wp.com\/losincasfloreria.com\/wp-content\/uploads\/2024\/01\/Artboard-10%401.5x.png?fit=1882%2C750&ssl=1\",\"width\":1882,\"height\":750,\"caption\":\"Los Incas florer\u00eda\"},\"image\":{\"@id\":\"https:\/\/losincasfloreria.com\/#\/schema\/logo\/image\/\"},\"sameAs\":[\"https:\/\/www.instagram.com\/losincasfloreria\/\"]}]}<\/script>\n<!-- \/ Yoast SEO plugin. -->","yoast_head_json":{"title":"Ramo de Flores - Los Incas Florer\u00eda CABA","description":"Quieres regalar un ramo de flores, escr\u00edbenos y te asesoramos. Creamos arreglos de flores personalizados para toda ocasi\u00f3n.","robots":{"index":"index","follow":"follow","max-snippet":"max-snippet:-1","max-image-preview":"max-image-preview:large","max-video-preview":"max-video-preview:-1"},"canonical":"https:\/\/losincasfloreria.com\/index.php\/producto\/ramo-de-flores-8\/","og_locale":"es_ES","og_type":"article","og_title":"Ramo de Flores - Los Incas Florer\u00eda CABA","og_description":"Quieres regalar un ramo de flores, escr\u00edbenos y te asesoramos. Creamos arreglos de flores personalizados para toda ocasi\u00f3n.","og_url":"https:\/\/losincasfloreria.com\/index.php\/producto\/ramo-de-flores-8\/","og_site_name":"Los Incas florer\u00eda","article_publisher":"https:\/\/www.instagram.com\/losincasfloreria\/","article_modified_time":"2025-11-25T16:58:43+00:00","og_image":[{"width":1080,"height":1080,"url":"https:\/\/losincasfloreria.com\/wp-content\/uploads\/2024\/02\/ramo-flores-mediano-mix.png","type":"image\/png"}],"twitter_card":"summary_large_image","twitter_misc":{"Tiempo de lectura":"1 minuto"},"schema":{"@context":"https:\/\/schema.org","@graph":[{"@type":"WebPage","@id":"https:\/\/losincasfloreria.com\/index.php\/producto\/ramo-de-flores-8\/","url":"https:\/\/losincasfloreria.com\/index.php\/producto\/ramo-de-flores-8\/","name":"Ramo de Flores - Los Incas Florer\u00eda CABA","isPartOf":{"@id":"https:\/\/losincasfloreria.com\/#website"},"primaryImageOfPage":{"@id":"https:\/\/losincasfloreria.com\/index.php\/producto\/ramo-de-flores-8\/#primaryimage"},"image":{"@id":"https:\/\/losincasfloreria.com\/index.php\/producto\/ramo-de-flores-8\/#primaryimage"},"thumbnailUrl":"https:\/\/i0.wp.com\/losincasfloreria.com\/wp-content\/uploads\/2024\/02\/ramo-flores-mediano-mix.png?fit=1080%2C1080&ssl=1","datePublished":"2024-02-23T23:01:58+00:00","dateModified":"2025-11-25T16:58:43+00:00","description":"Quieres regalar un ramo de flores, escr\u00edbenos y te asesoramos. Creamos arreglos de flores personalizados para toda ocasi\u00f3n.","breadcrumb":{"@id":"https:\/\/losincasfloreria.com\/index.php\/producto\/ramo-de-flores-8\/#breadcrumb"},"inLanguage":"es","potentialAction":[{"@type":"ReadAction","target":["https:\/\/losincasfloreria.com\/index.php\/producto\/ramo-de-flores-8\/"]}]},{"@type":"ImageObject","inLanguage":"es","@id":"https:\/\/losincasfloreria.com\/index.php\/producto\/ramo-de-flores-8\/#primaryimage","url":"https:\/\/i0.wp.com\/losincasfloreria.com\/wp-content\/uploads\/2024\/02\/ramo-flores-mediano-mix.png?fit=1080%2C1080&ssl=1","contentUrl":"https:\/\/i0.wp.com\/losincasfloreria.com\/wp-content\/uploads\/2024\/02\/ramo-flores-mediano-mix.png?fit=1080%2C1080&ssl=1","width":1080,"height":1080,"caption":"Ramo-de-flores-CABA"},{"@type":"BreadcrumbList","@id":"https:\/\/losincasfloreria.com\/index.php\/producto\/ramo-de-flores-8\/#breadcrumb","itemListElement":[{"@type":"ListItem","position":1,"name":"Portada","item":"https:\/\/losincasfloreria.com\/"},{"@type":"ListItem","position":2,"name":"Productos","item":"https:\/\/losincasfloreria.com\/index.php\/productos\/"},{"@type":"ListItem","position":3,"name":"Ramo de flores &#8211; Mediano"}]},{"@type":"WebSite","@id":"https:\/\/losincasfloreria.com\/#website","url":"https:\/\/losincasfloreria.com\/","name":"Los Incas florer\u00eda","description":"Florer\u00eda Familiar con m\u00e1s de 10 a\u00f1os en la comunidad atendido por sus due\u00f1os","publisher":{"@id":"https:\/\/losincasfloreria.com\/#organization"},"potentialAction":[{"@type":"SearchAction","target":{"@type":"EntryPoint","urlTemplate":"https:\/\/losincasfloreria.com\/?s={search_term_string}"},"query-input":{"@type":"PropertyValueSpecification","valueRequired":true,"valueName":"search_term_string"}}],"inLanguage":"es"},{"@type":"Organization","@id":"https:\/\/losincasfloreria.com\/#organization","name":"Los Incas florer\u00eda","url":"https:\/\/losincasfloreria.com\/","logo":{"@type":"ImageObject","inLanguage":"es","@id":"https:\/\/losincasfloreria.com\/#\/schema\/logo\/image\/","url":"https:\/\/i0.wp.com\/losincasfloreria.com\/wp-content\/uploads\/2024\/01\/Artboard-10%401.5x.png?fit=1882%2C750&ssl=1","contentUrl":"https:\/\/i0.wp.com\/losincasfloreria.com\/wp-content\/uploads\/2024\/01\/Artboard-10%401.5x.png?fit=1882%2C750&ssl=1","width":1882,"height":750,"caption":"Los Incas florer\u00eda"},"image":{"@id":"https:\/\/losincasfloreria.com\/#\/schema\/logo\/image\/"},"sameAs":["https:\/\/www.instagram.com\/losincasfloreria\/"]}]}},"jetpack_sharing_enabled":true,"_links":{"self":[{"href":"https:\/\/losincasfloreria.com\/index.php\/wp-json\/wp\/v2\/product\/1618","targetHints":{"allow":["GET"]}}],"collection":[{"href":"https:\/\/losincasfloreria.com\/index.php\/wp-json\/wp\/v2\/product"}],"about":[{"href":"https:\/\/losincasfloreria.com\/index.php\/wp-json\/wp\/v2\/types\/product"}],"replies":[{"embeddable":true,"href":"https:\/\/losincasfloreria.com\/index.php\/wp-json\/wp\/v2\/comments?post=1618"}],"wp:featuredmedia":[{"embeddable":true,"href":"https:\/\/losincasfloreria.com\/index.php\/wp-json\/wp\/v2\/media\/1619"}],"wp:attachment":[{"href":"https:\/\/losincasfloreria.com\/index.php\/wp-json\/wp\/v2\/media?parent=1618"}],"wp:term":[{"taxonomy":"product_brand","embeddable":true,"href":"https:\/\/losincasfloreria.com\/index.php\/wp-json\/wp\/v2\/product_brand?post=1618"},{"taxonomy":"product_cat","embeddable":true,"href":"https:\/\/losincasfloreria.com\/index.php\/wp-json\/wp\/v2\/product_cat?post=1618"},{"taxonomy":"product_tag","embeddable":true,"href":"https:\/\/losincasfloreria.com\/index.php\/wp-json\/wp\/v2\/product_tag?post=1618"}],"curies":[{"name":"wp","href":"https:\/\/api.w.org\/{rel}","templated":true}]}}