{"id":9,"date":"2024-01-07T21:38:23","date_gmt":"2024-01-07T20:38:23","guid":{"rendered":"https:\/\/losincasfloreria.com\/index.php\/mi-cuenta\/"},"modified":"2024-03-08T01:18:17","modified_gmt":"2024-03-08T00:18:17","slug":"floreria-en-caba","status":"publish","type":"page","link":"https:\/\/losincasfloreria.com\/index.php\/floreria-en-caba\/","title":{"rendered":"Mi cuenta"},"content":{"rendered":"<p data-block-type=\"core\"><div class=\"woocommerce ct-woo-unauthorized\"><\/div><\/p>\n","protected":false},"excerpt":{"rendered":"","protected":false},"author":4,"featured_media":0,"parent":0,"menu_order":0,"comment_status":"closed","ping_status":"closed","template":"","meta":{"footnotes":""},"class_list":["post-9","page","type-page","status-publish","hentry"],"blocksy_meta":[],"yoast_head":"<!-- This site is optimized with the Yoast SEO plugin v27.1.1 - https:\/\/yoast.com\/product\/yoast-seo-wordpress\/ -->\n<title>Floreria en CABA - Los Incas florer\u00eda<\/title>\n<meta name=\"description\" content=\"Somos una Floreria en CABA de m\u00e1s de 10 a\u00f1os de experiencia. Quieres regalar un arreglo floral que impacte, somos la mejor opci\u00f3n!\" \/>\n<meta name=\"robots\" content=\"index, follow, max-snippet:-1, max-image-preview:large, max-video-preview:-1\" \/>\n<link rel=\"canonical\" href=\"https:\/\/losincasfloreria.com\/index.php\/floreria-en-caba\/\" \/>\n<meta property=\"og:locale\" content=\"es_ES\" \/>\n<meta property=\"og:type\" content=\"article\" \/>\n<meta property=\"og:title\" content=\"Floreria en CABA - Los Incas florer\u00eda\" \/>\n<meta property=\"og:description\" content=\"Somos una Floreria en CABA de m\u00e1s de 10 a\u00f1os de experiencia. Quieres regalar un arreglo floral que impacte, somos la mejor opci\u00f3n!\" \/>\n<meta property=\"og:url\" content=\"https:\/\/losincasfloreria.com\/index.php\/floreria-en-caba\/\" \/>\n<meta property=\"og:site_name\" content=\"Los Incas florer\u00eda\" \/>\n<meta property=\"article:publisher\" content=\"https:\/\/www.instagram.com\/losincasfloreria\/\" \/>\n<meta property=\"article:modified_time\" content=\"2024-03-08T00:18:17+00:00\" \/>\n<meta name=\"twitter:card\" content=\"summary_large_image\" \/>\n<meta name=\"twitter:label1\" content=\"Tiempo de lectura\" \/>\n\t<meta name=\"twitter:data1\" content=\"1 minuto\" \/>\n<script type=\"application\/ld+json\" class=\"yoast-schema-graph\">{\"@context\":\"https:\/\/schema.org\",\"@graph\":[{\"@type\":\"WebPage\",\"@id\":\"https:\/\/losincasfloreria.com\/index.php\/floreria-en-caba\/\",\"url\":\"https:\/\/losincasfloreria.com\/index.php\/floreria-en-caba\/\",\"name\":\"Floreria en CABA - Los Incas florer\u00eda\",\"isPartOf\":{\"@id\":\"https:\/\/losincasfloreria.com\/#website\"},\"datePublished\":\"2024-01-07T20:38:23+00:00\",\"dateModified\":\"2024-03-08T00:18:17+00:00\",\"description\":\"Somos una Floreria en CABA de m\u00e1s de 10 a\u00f1os de experiencia. Quieres regalar un arreglo floral que impacte, somos la mejor opci\u00f3n!\",\"breadcrumb\":{\"@id\":\"https:\/\/losincasfloreria.com\/index.php\/floreria-en-caba\/#breadcrumb\"},\"inLanguage\":\"es\",\"potentialAction\":[{\"@type\":\"ReadAction\",\"target\":[\"https:\/\/losincasfloreria.com\/index.php\/floreria-en-caba\/\"]}]},{\"@type\":\"BreadcrumbList\",\"@id\":\"https:\/\/losincasfloreria.com\/index.php\/floreria-en-caba\/#breadcrumb\",\"itemListElement\":[{\"@type\":\"ListItem\",\"position\":1,\"name\":\"Portada\",\"item\":\"https:\/\/losincasfloreria.com\/\"},{\"@type\":\"ListItem\",\"position\":2,\"name\":\"Mi cuenta\"}]},{\"@type\":\"WebSite\",\"@id\":\"https:\/\/losincasfloreria.com\/#website\",\"url\":\"https:\/\/losincasfloreria.com\/\",\"name\":\"Los Incas florer\u00eda\",\"description\":\"Florer\u00eda Familiar con m\u00e1s de 10 a\u00f1os en la comunidad atendido por sus due\u00f1os\",\"publisher\":{\"@id\":\"https:\/\/losincasfloreria.com\/#organization\"},\"potentialAction\":[{\"@type\":\"SearchAction\",\"target\":{\"@type\":\"EntryPoint\",\"urlTemplate\":\"https:\/\/losincasfloreria.com\/?s={search_term_string}\"},\"query-input\":{\"@type\":\"PropertyValueSpecification\",\"valueRequired\":true,\"valueName\":\"search_term_string\"}}],\"inLanguage\":\"es\"},{\"@type\":\"Organization\",\"@id\":\"https:\/\/losincasfloreria.com\/#organization\",\"name\":\"Los Incas florer\u00eda\",\"url\":\"https:\/\/losincasfloreria.com\/\",\"logo\":{\"@type\":\"ImageObject\",\"inLanguage\":\"es\",\"@id\":\"https:\/\/losincasfloreria.com\/#\/schema\/logo\/image\/\",\"url\":\"https:\/\/i0.wp.com\/losincasfloreria.com\/wp-content\/uploads\/2024\/01\/Artboard-10%401.5x.png?fit=1882%2C750&ssl=1\",\"contentUrl\":\"https:\/\/i0.wp.com\/losincasfloreria.com\/wp-content\/uploads\/2024\/01\/Artboard-10%401.5x.png?fit=1882%2C750&ssl=1\",\"width\":1882,\"height\":750,\"caption\":\"Los Incas florer\u00eda\"},\"image\":{\"@id\":\"https:\/\/losincasfloreria.com\/#\/schema\/logo\/image\/\"},\"sameAs\":[\"https:\/\/www.instagram.com\/losincasfloreria\/\"]}]}<\/script>\n<!-- \/ Yoast SEO plugin. -->","yoast_head_json":{"title":"Floreria en CABA - Los Incas florer\u00eda","description":"Somos una Floreria en CABA de m\u00e1s de 10 a\u00f1os de experiencia. Quieres regalar un arreglo floral que impacte, somos la mejor opci\u00f3n!","robots":{"index":"index","follow":"follow","max-snippet":"max-snippet:-1","max-image-preview":"max-image-preview:large","max-video-preview":"max-video-preview:-1"},"canonical":"https:\/\/losincasfloreria.com\/index.php\/floreria-en-caba\/","og_locale":"es_ES","og_type":"article","og_title":"Floreria en CABA - Los Incas florer\u00eda","og_description":"Somos una Floreria en CABA de m\u00e1s de 10 a\u00f1os de experiencia. Quieres regalar un arreglo floral que impacte, somos la mejor opci\u00f3n!","og_url":"https:\/\/losincasfloreria.com\/index.php\/floreria-en-caba\/","og_site_name":"Los Incas florer\u00eda","article_publisher":"https:\/\/www.instagram.com\/losincasfloreria\/","article_modified_time":"2024-03-08T00:18:17+00:00","twitter_card":"summary_large_image","twitter_misc":{"Tiempo de lectura":"1 minuto"},"schema":{"@context":"https:\/\/schema.org","@graph":[{"@type":"WebPage","@id":"https:\/\/losincasfloreria.com\/index.php\/floreria-en-caba\/","url":"https:\/\/losincasfloreria.com\/index.php\/floreria-en-caba\/","name":"Floreria en CABA - Los Incas florer\u00eda","isPartOf":{"@id":"https:\/\/losincasfloreria.com\/#website"},"datePublished":"2024-01-07T20:38:23+00:00","dateModified":"2024-03-08T00:18:17+00:00","description":"Somos una Floreria en CABA de m\u00e1s de 10 a\u00f1os de experiencia. Quieres regalar un arreglo floral que impacte, somos la mejor opci\u00f3n!","breadcrumb":{"@id":"https:\/\/losincasfloreria.com\/index.php\/floreria-en-caba\/#breadcrumb"},"inLanguage":"es","potentialAction":[{"@type":"ReadAction","target":["https:\/\/losincasfloreria.com\/index.php\/floreria-en-caba\/"]}]},{"@type":"BreadcrumbList","@id":"https:\/\/losincasfloreria.com\/index.php\/floreria-en-caba\/#breadcrumb","itemListElement":[{"@type":"ListItem","position":1,"name":"Portada","item":"https:\/\/losincasfloreria.com\/"},{"@type":"ListItem","position":2,"name":"Mi cuenta"}]},{"@type":"WebSite","@id":"https:\/\/losincasfloreria.com\/#website","url":"https:\/\/losincasfloreria.com\/","name":"Los Incas florer\u00eda","description":"Florer\u00eda Familiar con m\u00e1s de 10 a\u00f1os en la comunidad atendido por sus due\u00f1os","publisher":{"@id":"https:\/\/losincasfloreria.com\/#organization"},"potentialAction":[{"@type":"SearchAction","target":{"@type":"EntryPoint","urlTemplate":"https:\/\/losincasfloreria.com\/?s={search_term_string}"},"query-input":{"@type":"PropertyValueSpecification","valueRequired":true,"valueName":"search_term_string"}}],"inLanguage":"es"},{"@type":"Organization","@id":"https:\/\/losincasfloreria.com\/#organization","name":"Los Incas florer\u00eda","url":"https:\/\/losincasfloreria.com\/","logo":{"@type":"ImageObject","inLanguage":"es","@id":"https:\/\/losincasfloreria.com\/#\/schema\/logo\/image\/","url":"https:\/\/i0.wp.com\/losincasfloreria.com\/wp-content\/uploads\/2024\/01\/Artboard-10%401.5x.png?fit=1882%2C750&ssl=1","contentUrl":"https:\/\/i0.wp.com\/losincasfloreria.com\/wp-content\/uploads\/2024\/01\/Artboard-10%401.5x.png?fit=1882%2C750&ssl=1","width":1882,"height":750,"caption":"Los Incas florer\u00eda"},"image":{"@id":"https:\/\/losincasfloreria.com\/#\/schema\/logo\/image\/"},"sameAs":["https:\/\/www.instagram.com\/losincasfloreria\/"]}]}},"jetpack_sharing_enabled":true,"_links":{"self":[{"href":"https:\/\/losincasfloreria.com\/index.php\/wp-json\/wp\/v2\/pages\/9","targetHints":{"allow":["GET"]}}],"collection":[{"href":"https:\/\/losincasfloreria.com\/index.php\/wp-json\/wp\/v2\/pages"}],"about":[{"href":"https:\/\/losincasfloreria.com\/index.php\/wp-json\/wp\/v2\/types\/page"}],"author":[{"embeddable":true,"href":"https:\/\/losincasfloreria.com\/index.php\/wp-json\/wp\/v2\/users\/4"}],"replies":[{"embeddable":true,"href":"https:\/\/losincasfloreria.com\/index.php\/wp-json\/wp\/v2\/comments?post=9"}],"version-history":[{"count":1,"href":"https:\/\/losincasfloreria.com\/index.php\/wp-json\/wp\/v2\/pages\/9\/revisions"}],"predecessor-version":[{"id":1871,"href":"https:\/\/losincasfloreria.com\/index.php\/wp-json\/wp\/v2\/pages\/9\/revisions\/1871"}],"wp:attachment":[{"href":"https:\/\/losincasfloreria.com\/index.php\/wp-json\/wp\/v2\/media?parent=9"}],"curies":[{"name":"wp","href":"https:\/\/api.w.org\/{rel}","templated":true}]}}